{"id":988,"date":"2019-02-20T12:47:25","date_gmt":"2019-02-20T11:47:25","guid":{"rendered":"https:\/\/www.kompikownia.pl\/?page_id=988"},"modified":"2019-03-13T10:43:55","modified_gmt":"2019-03-13T09:43:55","slug":"matura-z-informatyki-rozwiazania","status":"publish","type":"page","link":"https:\/\/www.kompikownia.pl\/index.php\/matura-z-informatyki-rozwiazania\/","title":{"rendered":"Matura z informatyki &#8211; rozwi\u0105zania zada\u0144"},"content":{"rendered":"<span class=\"rt-reading-time\" style=\"display: block;\"><span class=\"rt-label rt-prefix\">Czas czytania:<\/span> <span class=\"rt-time\">&lt; 1<\/span> <span class=\"rt-label rt-postfix\">minut\u0119<\/span><\/span>\n<p>W tym miejscu znajdzie si\u0119 spis wszystkich wpis\u00f3w dotycz\u0105cych matury. Po klikni\u0119ciu na okre\u015blony wpis b\u0119dziesz m\u00f3g\u0142 przeczyta\u0107 om\u00f3wienie rozwi\u0105zania danego zadania. Masz tak\u017ce \u0142atwy dost\u0119p do arkuszy maturalnych z poprzednich lat. <\/p>\n\n\n\n<h2 class=\"wp-block-heading\">Matura 2018 (nowa formu\u0142a) &#8211; rozwi\u0105zania zada\u0144<\/h2>\n\n\n\n<div class=\"wp-block-columns has-2-columns is-layout-flex wp-container-core-columns-is-layout-1 wp-block-columns-is-layout-flex\">\n<div class=\"wp-block-column is-layout-flow wp-block-column-is-layout-flow\">\n<p><a href=\"https:\/\/www.kompikownia.pl\/index.php\/2019\/02\/12\/matura-z-informatyki-2018-zadanie-wega-c\/\">Zadanie 4 &#8211; Wega&nbsp;(rozwi\u0105zanie w C++)<\/a><\/p>\n<\/div>\n\n\n\n<div class=\"wp-block-column is-layout-flow wp-block-column-is-layout-flow\">\n<p><a href=\"https:\/\/cke.gov.pl\/images\/_EGZAMIN_MATURALNY_OD_2015\/Arkusze_egzaminacyjne\/2018\/formula_od_2015\/informatyka\/MIN-R1_1P-182.pdf\">Arkusz maturalny (cz\u0119\u015b\u0107 teoretyczna)<\/a><br><a href=\"https:\/\/cke.gov.pl\/images\/_EGZAMIN_MATURALNY_OD_2015\/Arkusze_egzaminacyjne\/2018\/formula_od_2015\/informatyka\/MIN-R2_1P-182.pdf\">Arkusz maturalny (cz\u0119\u015b\u0107 praktyczna)<br><\/a><a href=\"https:\/\/www.cke.gov.pl\/images\/_EGZAMIN_MATURALNY_OD_2015\/Arkusze_egzaminacyjne\/2018\/formula_od_2015\/Zasady_oceniania\/MIN-R2_1P-182_zasady_oceniania.pdf\">Zasady oceniania<\/a><br><a href=\"https:\/\/cke.gov.pl\/images\/_EGZAMIN_MATURALNY_OD_2015\/Arkusze_egzaminacyjne\/2018\/formula_od_2015\/informatyka\/Dane_PR2.zip\">Archiwum z plikami<\/a><\/p>\n<\/div>\n<\/div>\n\n\n\n<h2 class=\"wp-block-heading\">Matura 2017 (nowa formu\u0142a) &#8211; rozwi\u0105zania zada\u0144<\/h2>\n\n\n\n<div class=\"wp-block-columns has-2-columns is-layout-flex wp-container-core-columns-is-layout-2 wp-block-columns-is-layout-flex\">\n<div class=\"wp-block-column is-layout-flow wp-block-column-is-layout-flow\">\n<p><a href=\"https:\/\/www.kompikownia.pl\/index.php\/2019\/02\/20\/matura-z-informatyki-2017-piksele-c\/\">Zadanie 6 &#8211; Piksele (rozwi\u0105zanie w C++)<\/a><\/p>\n<\/div>\n\n\n\n<div class=\"wp-block-column is-layout-flow wp-block-column-is-layout-flow\">\n<p><a href=\"https:\/\/www.cke.edu.pl\/images\/_EGZAMIN_MATURALNY_OD_2015\/Arkusze_egzaminacyjne\/2017\/formula_od_2015\/informatyka\/MIN-R1_1P-172.pdf\">Arkusz maturalny (cz\u0119\u015b\u0107 teoretyczna)<br><\/a><a href=\"https:\/\/www.cke.edu.pl\/images\/_EGZAMIN_MATURALNY_OD_2015\/Arkusze_egzaminacyjne\/2017\/formula_od_2015\/informatyka\/MIN-R2_1P-172.pdf\">Arkusz maturalny (cz\u0119\u015b\u0107 praktyczna)<br><\/a><a href=\"https:\/\/www.cke.edu.pl\/images\/_EGZAMIN_MATURALNY_OD_2015\/Arkusze_egzaminacyjne\/2017\/formula_od_2015\/zasady_oceniania\/MIN-R1-N.pdf\">Zasady oceniania<\/a><br><a href=\"https:\/\/www.cke.edu.pl\/images\/_EGZAMIN_MATURALNY_OD_2015\/Arkusze_egzaminacyjne\/2017\/formula_od_2015\/informatyka\/Dane_PR2.zip\">Archiwum z plikami<\/a><\/p>\n<\/div>\n<\/div>\n\n\n\n<h2 class=\"wp-block-heading\">Matura 2016 (nowa formu\u0142a) &#8211; rozwi\u0105zania zada\u0144<\/h2>\n\n\n\n<div class=\"wp-block-columns has-2-columns is-layout-flex wp-container-core-columns-is-layout-3 wp-block-columns-is-layout-flex\">\n<div class=\"wp-block-column is-layout-flow wp-block-column-is-layout-flow\">\n<p><a href=\"https:\/\/www.kompikownia.pl\/index.php\/2019\/02\/27\/matura-z-informatyki-2016-liczba-pi\/\">Zadanie 4 &#8211; Liczba PI (rozwi\u0105zanie w C++, arkusz kalkulacyjny)<\/a><\/p>\n<\/div>\n\n\n\n<div class=\"wp-block-column is-layout-flow wp-block-column-is-layout-flow\">\n<p><a href=\"https:\/\/www.cke.edu.pl\/images\/_EGZAMIN_MATURALNY_OD_2015\/Arkusze_egzaminacyjne\/2016\/formula_od_2015\/MIN-R1_1P-162.pdf\">Arkusz maturalny (cz\u0119\u015b\u0107 teoretyczna)<\/a><br><a href=\"https:\/\/www.cke.edu.pl\/images\/_EGZAMIN_MATURALNY_OD_2015\/Arkusze_egzaminacyjne\/2016\/formula_od_2015\/MIN-R2_1P-162.pdf\">Arkusz maturalny (cz\u0119\u015b\u0107 praktyczna)<\/a><br><a href=\"https:\/\/cke.gov.pl\/images\/_EGZAMIN_MATURALNY_OD_2015\/Arkusze_egzaminacyjne\/2016\/formula_od_2015\/zasady_oceniania\/MIN-R1-N.pdf\">Zasady oceniania<\/a><br><a href=\"https:\/\/www.cke.edu.pl\/images\/_EGZAMIN_MATURALNY_OD_2015\/Arkusze_egzaminacyjne\/2016\/formula_od_2015\/Dane_PR2.zip\">Archiwum z plikami<\/a><\/p>\n<\/div>\n<\/div>\n\n\n\n<h2 class=\"wp-block-heading\">Matura 2015 (nowa formu\u0142a) &#8211; rozwi\u0105zania zada\u0144<\/h2>\n\n\n\n<div class=\"wp-block-columns has-2-columns is-layout-flex wp-container-core-columns-is-layout-4 wp-block-columns-is-layout-flex\">\n<div class=\"wp-block-column is-layout-flow wp-block-column-is-layout-flow\">\n<p><a href=\"https:\/\/www.kompikownia.pl\/index.php\/2019\/03\/13\/matura-z-informatyki-2015-liczby-binarne-c\/\">Zadanie 4 &#8211; Liczby binarne (rozwi\u0105zanie w C++)<\/a><\/p>\n<\/div>\n\n\n\n<div class=\"wp-block-column is-layout-flow wp-block-column-is-layout-flow\">\n<p><a href=\"https:\/\/cke.gov.pl\/images\/_EGZAMIN_MATURALNY_OD_2015\/Arkusze_egzaminacyjne\/2015\/formula_od_2015\/MIN-R1_1P-152.pdf\">Arkusz maturalny (cz\u0119\u015b\u0107 teoretyczna)<br><\/a><a href=\"https:\/\/cke.gov.pl\/images\/_EGZAMIN_MATURALNY_OD_2015\/Arkusze_egzaminacyjne\/2015\/formula_od_2015\/MIN-R2_1P-152.pdf\">Arkusz maturalny (cz\u0119\u015b\u0107 praktyczna)<br><\/a><a href=\"https:\/\/cke.gov.pl\/images\/_EGZAMIN_MATURALNY_OD_2015\/Arkusze_egzaminacyjne\/2015\/formula_od_2015\/odpowiedzi\/MIN-R1-N.pdf\">Zasady oceniania<br><\/a><a href=\"https:\/\/cke.gov.pl\/images\/_EGZAMIN_MATURALNY_OD_2015\/Arkusze_egzaminacyjne\/2015\/formula_od_2015\/Dane_PR2.zip\">Archiwum z plikami<\/a><\/p>\n<\/div>\n<\/div>\n\n\n\n<p><\/p>\n","protected":false},"excerpt":{"rendered":"<p><span class=\"rt-reading-time\" style=\"display: block;\"><span class=\"rt-label rt-prefix\">Czas czytania:<\/span> <span class=\"rt-time\">&lt; 1<\/span> <span class=\"rt-label rt-postfix\">minut\u0119<\/span><\/span> W tym miejscu znajdzie si\u0119 spis wszystkich wpis\u00f3w dotycz\u0105cych matury. Po klikni\u0119ciu na okre\u015blony wpis b\u0119dziesz m\u00f3g\u0142 przeczyta\u0107 om\u00f3wienie rozwi\u0105zania danego zadania. Masz tak\u017ce \u0142atwy dost\u0119p do arkuszy maturalnych z &#8230;<\/p>\n","protected":false},"author":1,"featured_media":0,"parent":0,"menu_order":0,"comment_status":"closed","ping_status":"closed","template":"","meta":{"_monsterinsights_skip_tracking":false,"_monsterinsights_sitenote_active":false,"_monsterinsights_sitenote_note":"","_monsterinsights_sitenote_category":0,"footnotes":""},"_links":{"self":[{"href":"https:\/\/www.kompikownia.pl\/index.php\/wp-json\/wp\/v2\/pages\/988"}],"collection":[{"href":"https:\/\/www.kompikownia.pl\/index.php\/wp-json\/wp\/v2\/pages"}],"about":[{"href":"https:\/\/www.kompikownia.pl\/index.php\/wp-json\/wp\/v2\/types\/page"}],"author":[{"embeddable":true,"href":"https:\/\/www.kompikownia.pl\/index.php\/wp-json\/wp\/v2\/users\/1"}],"replies":[{"embeddable":true,"href":"https:\/\/www.kompikownia.pl\/index.php\/wp-json\/wp\/v2\/comments?post=988"}],"version-history":[{"count":6,"href":"https:\/\/www.kompikownia.pl\/index.php\/wp-json\/wp\/v2\/pages\/988\/revisions"}],"predecessor-version":[{"id":1243,"href":"https:\/\/www.kompikownia.pl\/index.php\/wp-json\/wp\/v2\/pages\/988\/revisions\/1243"}],"wp:attachment":[{"href":"https:\/\/www.kompikownia.pl\/index.php\/wp-json\/wp\/v2\/media?parent=988"}],"curies":[{"name":"wp","href":"https:\/\/api.w.org\/{rel}","templated":true}]}}