{"id":2644,"date":"2024-05-01T11:37:00","date_gmt":"2024-05-01T09:37:00","guid":{"rendered":"https:\/\/www.kompikownia.pl\/?page_id=2644"},"modified":"2024-05-01T11:57:20","modified_gmt":"2024-05-01T09:57:20","slug":"regulamin-serwisu","status":"publish","type":"page","link":"https:\/\/www.kompikownia.pl\/index.php\/regulamin-serwisu\/","title":{"rendered":"Regulamin serwisu"},"content":{"rendered":"<span class=\"rt-reading-time\" style=\"display: block;\"><span class=\"rt-label rt-prefix\">Czas czytania:<\/span> <span class=\"rt-time\">5<\/span> <span class=\"rt-label rt-postfix\">minut<\/span><\/span>\n<h2 class=\"wp-block-heading\">I. Poj\u0119cia og\u00f3lne<\/h2>\n\n\n\n<ul>\n<li><strong>Regulamin<\/strong>&nbsp;\u2013 niniejszy regulamin<\/li>\n\n\n\n<li><strong>Serwis<\/strong>&nbsp;\u2013 serwis internetowy &#8222;kompikownia.pl&#8221;, dzia\u0142aj\u0105cych pod adresem https:\/\/kompikownia.pl<\/li>\n\n\n\n<li><strong>Us\u0142ugodawca<\/strong>&nbsp;\u2013 w\u0142a\u015bciciel serwisu b\u0119d\u0105cy osob\u0105 fizyczn\u0105 &#8211; Karol \u015alusarz<\/li>\n\n\n\n<li><strong>Us\u0142ugobiorca<\/strong>&nbsp;\u2013 ka\u017cda osoba fizyczna, uzyskuj\u0105ca dost\u0119p do Serwisu i korzystaj\u0105ca z us\u0142ug \u015bwiadczonych za po\u015brednictwem Serwisu przez Us\u0142ugodawc\u0119.<\/li>\n\n\n\n<li><strong>Komunikacja Drog\u0105 Elektroniczn\u0105<\/strong>&nbsp;\u2013 Komunikacja pomi\u0119dzy stronami za po\u015brednictwem poczty elektronicznej (e-mail).<\/li>\n<\/ul>\n\n\n\n<h2 class=\"wp-block-heading\">II. Postanowienia og\u00f3lne<\/h2>\n\n\n\n<ul>\n<li>Regulamin, okre\u015bla zasady funkcjonowania i u\u017cytkowania Serwisu oraz okre\u015bla zakres praw i obowi\u0105zk\u00f3w Us\u0142ugobiorc\u00f3w i Us\u0142ugodawcy zwi\u0105zanych z u\u017cytkowaniem Serwisu.<\/li>\n\n\n\n<li>Przedmiotem us\u0142ug Us\u0142ugodawcy jest udost\u0119pnienie nieodp\u0142atnych narz\u0119dzi w postaci Serwisu, umo\u017cliwiaj\u0105cych Us\u0142ugobiorcom dost\u0119p do tre\u015bci w postaci wpis\u00f3w, artyku\u0142\u00f3w i materia\u0142\u00f3w audiowizualnych lub aplikacji internetowych i formularzy elektronicznych<\/li>\n\n\n\n<li>Wszelkie ewentualne tre\u015bci, artyku\u0142y i informacje zawieraj\u0105ce cechy wskaz\u00f3wek lub porad publikowane na \u0142amach Serwisu s\u0105 jedynie og\u00f3lnym zbiorem informacji i nie s\u0105 kierowane do poszczeg\u00f3lnych Us\u0142ugobiorc\u00f3w. Us\u0142ugodawca nie ponosi odpowiedzialno\u015bci za wykorzystanie ich przez Us\u0142ugobiorc\u00f3w.<\/li>\n\n\n\n<li>Us\u0142ugobiorca bierze na siebie pe\u0142n\u0105 odpowiedzialno za spos\u00f3b wykorzystania materia\u0142\u00f3w udost\u0119pnianych w ramach Serwisu w tym za wykorzystanie ich zgodnie z obowi\u0105zuj\u0105cymi przepisami prawa.<\/li>\n\n\n\n<li>Us\u0142ugodawca nie udziela \u017cadnej gwarancji co do przydatno\u015bci materia\u0142\u00f3w umieszczonych w Serwisie.<\/li>\n\n\n\n<li>Us\u0142ugodawca nie ponosi odpowiedzialno\u015bci z tytu\u0142u ewentualnych szk\u00f3d poniesionych przez Us\u0142ugobiorc\u00f3w Serwisu lub osoby trzecie w zwi\u0105zku z korzystaniem z Serwisu. Wszelkie ryzyko zwi\u0105zane z korzystaniem z Serwisu, a w szczeg\u00f3lno\u015bci z u\u017cywaniem i wykorzystywaniem informacji umieszczonych w Serwisie, ponosi Us\u0142ugobiorca korzystaj\u0105cy z us\u0142ug Serwisu.<\/li>\n<\/ul>\n\n\n\n<h2 class=\"wp-block-heading\">III. Warunki u\u017cywania Serwisu<\/h2>\n\n\n\n<ul>\n<li>U\u017cywanie Serwisu przez ka\u017cdego z Us\u0142ugobiorc\u00f3w jest nieodp\u0142atne i dobrowolne.<\/li>\n\n\n\n<li>Us\u0142ugobiorcy maj\u0105 obowi\u0105zek zapoznania si\u0119 z Regulaminem oraz pozosta\u0142ymi dokumentami stanowi\u0105cymi jego integraln\u0105 cz\u0119\u015b\u0107 i musz\u0105 zaakceptowa\u0107 w ca\u0142o\u015bci jego postanowienia w celu dalszego korzystania z Serwisu.<\/li>\n\n\n\n<li>Us\u0142ugobiorcy nie mog\u0105 wykorzystywa\u0107 \u017cadnych pozyskanych w Serwisie danych osobowych do cel\u00f3w marketingowych.<\/li>\n\n\n\n<li>Wymagania techniczne korzystania z Serwisu:\n<ul>\n<li>urz\u0105dzenie z wy\u015bwietlaczem umo\u017cliwiaj\u0105ce wy\u015bwietlanie stron internetowych,<\/li>\n\n\n\n<li>po\u0142\u0105czenie z internetem,<\/li>\n\n\n\n<li>dowolna przegl\u0105darka internetowa, kt\u00f3ra wy\u015bwietla strony internetowe zgodnie ze standardami i postanowieniami Konsorcjum W3C i obs\u0142uguje strony www udost\u0119pniane w j\u0119zyku HTML5,<\/li>\n\n\n\n<li>w\u0142\u0105czon\u0105 obs\u0142ug\u0119 skrypt\u00f3w JavaScript,<\/li>\n\n\n\n<li>w\u0142\u0105czon\u0105 obs\u0142ug\u0119 plik\u00f3w Cookie<\/li>\n<\/ul>\n<\/li>\n\n\n\n<li>W celu zapewnienia bezpiecze\u0144stwa Us\u0142ugodawcy, Us\u0142ugobiorcy oraz innych Us\u0142ugobiorc\u00f3w korzystaj\u0105cych z Serwisu, wszyscy Us\u0142ugobiorcy korzystaj\u0105cy z Serwisu powinni stosowa\u0107 si\u0119 do og\u00f3lnie przyj\u0119tych zasad bezpiecze\u0144stwa \u015bieci.<\/li>\n\n\n\n<li>Zabrania si\u0119 dzia\u0142a\u0144 wykonywanych osobi\u015bcie przez Us\u0142ugobiorc\u00f3w lub przy u\u017cyciu oprogramowania:\n<ul>\n<li>bez zgody pisemnej, dekompilacji i analizy kodu \u017ar\u00f3d\u0142owego,<\/li>\n\n\n\n<li>bez zgody pisemnej, powoduj\u0105cych nadmierne obci\u0105\u017cenie serwera Serwisu,<\/li>\n\n\n\n<li>bez zgody pisemnej, pr\u00f3b wykrycia luk w zabezpieczeniach Serwisu i konfiguracji serwera,<\/li>\n\n\n\n<li>podejmowania pr\u00f3b wgrywania lub wszczykiwania na serwer i do bazy danych kodu, skrypt\u00f3w i oprogramowania mog\u0105cych wyrz\u0105dzi\u0107 szkod\u0119 oprogramowaniu Serwisu, innym Us\u0142ugobiorcom lub Us\u0142ugodawcy,<\/li>\n\n\n\n<li>podejmowania pr\u00f3b wgrywania lub wszczykiwania na serwer i do bazy danych kodu, skrypt\u00f3w i oprogramowania mog\u0105cych \u015bledzi\u0107 lub wykrada\u0107 dane Us\u0142ugobiorc\u00f3w lub Us\u0142ugodawcy,<\/li>\n\n\n\n<li>podejmowania jakichkolwiek dzia\u0142a\u0144 maj\u0105cych na celu uszkodzenie, zablokowanie dzia\u0142ania Serwisu lub uniemo\u017cliwienie realizacji celu w jakim dzia\u0142a Serwis.<\/li>\n<\/ul>\n<\/li>\n\n\n\n<li>W przypadku wykrycia zaistnienia lub potencjalnej mo\u017cliwo\u015bci zaistnienia incydentu Cyberbezpiecze\u0144stwa lub naruszenia RODO, Us\u0142ugobiorcy w pierwszej kolejno\u015bci powinni zg\u0142osi\u0107 ten fakt Us\u0142ugodawcy w celu szybkiego usuni\u0119cia problemu \/ zagro\u017cenia i zabezpieczenia interes\u00f3w wszystkich Us\u0142ugobiorc\u00f3w Serwisu.<\/li>\n<\/ul>\n\n\n\n<h2 class=\"wp-block-heading\">IV. Warunki \u015bwiadczenia us\u0142ugi Newsletter<\/h2>\n\n\n\n<ul>\n<li>Us\u0142ugobiorcy mog\u0105 korzysta\u0107 z Serwisu bez konieczno\u015bci zapisywania si\u0119 do Newslettera.<\/li>\n\n\n\n<li>Zapisanie si\u0119 us\u0142ugi Newslettera jest dobrowolne.<\/li>\n\n\n\n<li>Zapisanie si\u0119 do us\u0142ugi Newslettera jest nieodp\u0142atne.<\/li>\n\n\n\n<li>Wymagania techniczne zwi\u0105zane z us\u0142ug\u0105 Newsletter:\n<ul>\n<li>posiadanie indywidualnego konta poczty elektronicznej e-mail,<\/li>\n<\/ul>\n<\/li>\n\n\n\n<li>Warunki \u015bwiadczenia us\u0142ugi Newsletter:\n<ul>\n<li>podanie w formularzu elektronicznym indywidualnego konta poczty elektronicznej e-mail,<\/li>\n\n\n\n<li>weryfikacja podanego konta pocztowego e-mail poprzez uruchomienie przes\u0142anego na nie odno\u015bnika,<\/li>\n\n\n\n<li>wyra\u017cenie zgody na otrzymywania powiadomie\u0144 e-mail,<\/li>\n<\/ul>\n<\/li>\n\n\n\n<li>Zakres us\u0142ugi Newsletter:\n<ul>\n<li>powiadamianie o nowych aktualno\u015bciach, wpisach, konkursach, i innych akcjach promocyjnych zwi\u0105zanych z us\u0142ugami Serwisu,<\/li>\n\n\n\n<li>powiadamianie o akcjach promocyjnych partner\u00f3w Serwisu (wiadomo\u015bci Marketingowe),<\/li>\n<\/ul>\n<\/li>\n\n\n\n<li>Wypisanie si\u0119 z us\u0142ugi Newsletter:\n<ul>\n<li>Ka\u017cdy Us\u0142ugobiorca zapisany do us\u0142ugi Newsletter ma mo\u017cliwo\u015b\u0107 samodzielnego wypisania si\u0119 z Us\u0142ugi.<\/li>\n\n\n\n<li>Us\u0142ugobiorcy mog\u0105 to uczyni\u0107 poprzez link umieszczony w ka\u017cdej przes\u0142anej wiadomo\u015bci e-mail.<\/li>\n\n\n\n<li>Wypisanie si\u0119 z us\u0142ugi Newsletter skutkuje usuni\u0119ciem podanego adresu e-mail z bazy Us\u0142ugodawcy.<\/li>\n<\/ul>\n<\/li>\n<\/ul>\n\n\n\n<h2 class=\"wp-block-heading\">V. Warunki komunikacji i \u015bwiadczenia pozosta\u0142ych us\u0142ug w Serwisie<\/h2>\n\n\n\n<ul>\n<li>Serwis udost\u0119pnia us\u0142ugi i narz\u0119dzia umo\u017cliwiaj\u0105ce Us\u0142ugobiorcom interakcj\u0119 z Serwisem w postaci:\n<ul>\n<li>Komentowania wpis\u00f3w i artyku\u0142\u00f3w<\/li>\n<\/ul>\n<\/li>\n\n\n\n<li>Serwis udost\u0119pnia dane kontaktowe w postaci:\n<ul>\n<li>Adresu e-mail<\/li>\n<\/ul>\n<\/li>\n\n\n\n<li>W przypadku kontaktu Us\u0142ugobiorcy z Us\u0142ugodawc\u0105, dane osobowe Us\u0142ugobiorc\u00f3w b\u0119d\u0105 przetwarzane zgodnie z &#8222;<a href=\"https:\/\/www.kompikownia.pl\/index.php\/polityka-prywatnosci\/\" data-type=\"page\" data-id=\"2649\">Polityk\u0105 prywatno\u015bci<\/a>&#8222;, stanowi\u0105c\u0105 integraln\u0105 cz\u0119\u015b\u0107 Regulaminu.<\/li>\n\n\n\n<li>Warunki umieszczania tre\u015bci przez Us\u0142ugobiorc\u00f3w w Serwisie:\n<ul>\n<li>Zabrania si\u0119 umieszczania w Serwisie tre\u015bci obra\u017aliwych lub oszczerczych wzgl\u0119dem Us\u0142ugodawcy, pozosta\u0142ych Us\u0142ugobiorc\u00f3w, os\u00f3b trzecich oraz podmiot\u00f3w trzecich,<\/li>\n\n\n\n<li>Zabrania si\u0119 umieszczania w Serwisie materia\u0142\u00f3w tekstowych, graficznych, audiowizualnych, skrypt\u00f3w, program\u00f3w i innych utwor\u00f3w, na kt\u00f3re Us\u0142ugobiorca nie posiada si\u0119 licencji, lub kt\u00f3rych autor praw maj\u0105tkowych nie wyrazi\u0142 zgody na darmow\u0105 publikacj\u0119,<\/li>\n\n\n\n<li>Zabrania si\u0119 umieszczania w Serwisie tre\u015bci wulgarnych, pornograficznych, erotycznych i niezgodnych z polskim i europejskim prawem a tak\u017ce odno\u015bnik\u00f3w do stron zawieraj\u0105cych wskazane tre\u015bci,<\/li>\n\n\n\n<li>Zabrania si\u0119 umieszczania w Serwisie skrypt\u00f3w i program\u00f3w nadmiernie obci\u0105\u017caj\u0105cych serwer, oprogramowania nielegalnego, oprogramowania s\u0142u\u017c\u0105cego do naruszania zabezpiecze\u0144 oraz innych podobnych dzia\u0142a\u0144 a tak\u017ce odno\u015bnik\u00f3w do stron zawieraj\u0105cych wskazane materia\u0142y,<\/li>\n\n\n\n<li>Zabrania si\u0119 umieszczania w Serwisie tre\u015bci merketingowych i reklamuj\u0105cych inne serwisy komercyjne, produkty, us\u0142ugi czy komercyjne strony internetowe<\/li>\n<\/ul>\n<\/li>\n<\/ul>\n\n\n\n<h2 class=\"wp-block-heading\">VI. Gromadzenie danych o Us\u0142ugobiorcach<\/h2>\n\n\n\n<p>W celu prawid\u0142owego \u015bwiadczenia us\u0142ug przez Serwis, zabezpieczenia prawnego interesu Us\u0142ugodawcy oraz w celu zapewnienia zgodno\u015bci dzia\u0142ania Serwisu z obowi\u0105zuj\u0105cym prawem, Us\u0142ugodawca za po\u015brednictwem Serwisu gromadzi i przetwarza niekt\u00f3re dane o U\u017cytkownikach.<\/p>\n\n\n\n<p>W celu prawid\u0142owego \u015bwiadczenia us\u0142ug, Serwis wykorzystuje i zapisuje niekt\u00f3re anonimowe informacje o Us\u0142ugobiorcy w plikach cookies.<\/p>\n\n\n\n<p>Zakres, cele, spos\u00f3b oraz zasady przetwarzania danych dost\u0119pne s\u0105 w za\u0142\u0105cznikach do Regulaminu:  \u201e<a href=\"https:\/\/www.kompikownia.pl\/index.php\/polityka-prywatnosci\/\" data-type=\"page\" data-id=\"2649\">Polityce prywatno\u015bci<\/a>\u201e, stanowi\u0105cych integraln\u0105 cz\u0119\u015b\u0107 Regulaminu.<\/p>\n\n\n\n<ul>\n<li><em>Dane zbierane automatycznie:<\/em><br>Do sprawnego dzia\u0142ania Serwisu oraz do statystyk zbieramy automatycznie niekt\u00f3re dane o Us\u0142ugobiorcy. Do danych tych nale\u017c\u0105:<ul><li>Adres IP<\/li><li>Typ przegl\u0105darki<\/li><li>Rozdzielczo\u015b\u0107 ekranu<\/li><li>Przybli\u017cona lokalizacja<\/li><li>Otwierane podstrony serwisu<\/li><li>Czas sp\u0119dzony na odpowiedniej podstronie serwisu<\/li><li>Rodzaj systemu operacyjnego<\/li><li>Adres poprzedniej podstrony<\/li><li>Adres strony odsy\u0142aj\u0105cej<\/li><li>J\u0119zyk przegl\u0105darki<\/li><li>Predko\u015b\u0107 \u0142\u0105cza internetowego<\/li><li>Dostawca us\u0142ug internetowych<\/li><li>Anonimowe dane demograficzne na podstawie danych Google Analytics:<ul><li>P\u0142e\u0107<\/li><li>Wiek<\/li><li>Zainteresowania<\/li><\/ul><\/li><\/ul>Powy\u017csze dane uzyskiwane s\u0105 poprzez skrypt Google Analytics i s\u0105 anonimowe.<\/li>\n\n\n\n<li><em>Dane zbierane podczas zapisywania do newslettera:<\/em><br>adres e-mail<\/li>\n<\/ul>\n\n\n\n<h2 class=\"wp-block-heading\">VII. Prawa autorskie<\/h2>\n\n\n\n<ul>\n<li>W\u0142a\u015bcicielem Serwisu oraz praw autorskich do serwisu jest Us\u0142ugodawca.<\/li>\n\n\n\n<li>Cz\u0119\u015b\u0107 danych zamieszczonych w Serwisie s\u0105 chronione prawami autorskimi nale\u017c\u0105cymi do firm, instytucji i os\u00f3b trzecich, niepowi\u0105zanych w jakikolwiek spos\u00f3b z Us\u0142ugodawc\u0105, i s\u0105 wykorzystywane na podstawie uzyskanych licencji, lub opartych na licencji darmowej.<\/li>\n\n\n\n<li>Na podstawie Ustawy z dnia 4 lutego 1994 o prawie autorskim zabrania si\u0119 wykorzystywania, kopiowania, reprodukowania w jakiejkolwiek formie oraz przetrzymywania w systemach wyszukiwania z wy\u0142\u0105czeniem wyszukiwarki Google, Bing, Yahoo, NetSprint, DuckDuckGo, Facebook oraz LinkedIn jakichkolwiek artyku\u0142\u00f3w, opis\u00f3w, zdj\u0119\u0107 oraz wszelkich innych tre\u015bci, materia\u0142\u00f3w graficznych, wideo lub audio znajduj\u0105cych si\u0119 w Serwisie bez pisemnej zgody lub zgody przekazanej za pomoc\u0105 Komunikacji Drog\u0105 Elektroniczn\u0105 ich prawnego w\u0142a\u015bciciela.<\/li>\n\n\n\n<li>Zgodnie z Ustaw\u0105 z dnia 4 lutego 1994 o prawie autorskim ochronie nie podlegaj\u0105 proste informacje prasowe, rozumiane jako same informacje, bez komentarza i oceny ich autora. Autor rozumie to jako mo\u017cliwo\u015b\u0107 wykorzystywania informacji z zamieszczonych w serwisie tekst\u00f3w, ale ju\u017c nie kopiowania ca\u0142o\u015bci lub cz\u0119\u015bci artyku\u0142\u00f3w o ile nie zosta\u0142o to oznaczone w poszczeg\u00f3lnym materiale udost\u0119pnionym w Serwisie.<\/li>\n<\/ul>\n\n\n\n<h2 class=\"wp-block-heading\">VIII. Zmiany Regulaminu<\/h2>\n\n\n\n<ul>\n<li>Wszelkie postanowienia Regulaminu mog\u0105 by\u0107 w ka\u017cdej chwili jednostronnie zmieniane przez Us\u0142ugodawc\u0119, bez podawania przyczyn.<\/li>\n\n\n\n<li>Zmiany Regulaminu wchodz\u0105 w \u017cycie natychmiast po ich publikacji.<\/li>\n\n\n\n<li>Traktuje si\u0119 i\u017c ka\u017cdy Us\u0142ugobiorca, kontynuuj\u0105cy korzystanie z Serwisu po zmianie Regulaminu akceptuje go w ca\u0142o\u015bci.<\/li>\n<\/ul>\n\n\n\n<h2 class=\"wp-block-heading\">IX. Postanowienia ko\u0144cowe<\/h2>\n\n\n\n<ul>\n<li>Us\u0142ugodawca nie odpowiada w \u017caden spos\u00f3b, jak tylko pozwalaj\u0105 na to obowi\u0105zuj\u0105ce przepisy prawa, za tre\u015bci przekazywane i publikowane w Serwisie przez Us\u0142ugobiorc\u00f3w, za ich prawdziwo\u015b\u0107, rzetelno\u015b\u0107, autentyczno\u015b\u0107 czy wady prawne.<\/li>\n\n\n\n<li>Us\u0142ugodawca dokona wszelkich stara\u0144 by us\u0142ugi Serwisu by\u0142y oferowane w spos\u00f3b ci\u0105g\u0142y. Nie ponosi on jednak \u017cadnej odpowiedzialno\u015bci za zak\u0142\u00f3cenia spowodowane si\u0142\u0105 wy\u017csz\u0105 lub niedozwolon\u0105 ingerencj\u0105 Us\u0142ugobiorc\u00f3w, os\u00f3b trzecich czy dzia\u0142alno\u015bci\u0105 zewn\u0119trznych automatycznych program\u00f3w.<\/li>\n\n\n\n<li>Us\u0142ugodawca zastrzega sobie prawo do zmiany jakichkolwiek informacji umieszczonych w Serwisie w wybranym przez Us\u0142ugodawc\u0119 terminie, bez konieczno\u015bci uprzedniego powiadomienia Us\u0142ugobiorc\u00f3w korzystaj\u0105cych z us\u0142ug Serwisu.<\/li>\n\n\n\n<li>Us\u0142ugodawca zastrzega sobie prawo do czasowego, ca\u0142kowitego lub cz\u0119\u015bciowego wy\u0142\u0105czenia Serwisu w celu jego ulepszenia, dodawania us\u0142ug lub przeprowadzania konserwacji, bez wcze\u015bniejszego uprzedzania o tym Us\u0142ugobiorc\u00f3w.<\/li>\n\n\n\n<li>Us\u0142ugodawca zastrzega sobie prawo do wy\u0142\u0105czenia Serwisu na sta\u0142e, bez wcze\u015bniejszego uprzedzania o tym Us\u0142ugobiorc\u00f3w.<\/li>\n\n\n\n<li>Us\u0142ugodawca zastrzega sobie prawo do dokonania cesji w cz\u0119\u015bci lub w ca\u0142o\u015bci wszelkich swoich praw i obowi\u0105zk\u00f3w zwi\u0105zanych z Serwisem, bez zgody i mo\u017cliwo\u015bci wyra\u017cania jakichkolwiek sprzeciw\u00f3w przez Us\u0142ugobiorc\u00f3w.<\/li>\n\n\n\n<li>Obowi\u0105zuj\u0105ce oraz poprzednie Regulaminy Serwisu znajduj\u0119 si\u0119 na tej podstronie pod aktualnym Regulaminem.<\/li>\n\n\n\n<li>We wszelkich sprawach zwi\u0105zanych z dzia\u0142alno\u015bci\u0105 Serwisu nale\u017cy kontaktowa\u0107 si\u0119 z Us\u0142ugodawc\u0119 korzystaj\u0105c z jednej z poni\u017cszych form kontaktu:<ul><li>Wysy\u0142aj\u0105c wiadomo\u015b\u0107 na adres e-mail: kompikownia@outlook.com<\/li><\/ul>Kontakt przy u\u017cyciu wskazanych \u015brodk\u00f3w komunikacji wy\u0142\u0105cznie w sprawach zwi\u0105zanych z prowadzonym Serwisem.<\/li>\n<\/ul>\n","protected":false},"excerpt":{"rendered":"<p><span class=\"rt-reading-time\" style=\"display: block;\"><span class=\"rt-label rt-prefix\">Czas czytania:<\/span> <span class=\"rt-time\">5<\/span> <span class=\"rt-label rt-postfix\">minut<\/span><\/span> I. Poj\u0119cia og\u00f3lne II. Postanowienia og\u00f3lne III. Warunki u\u017cywania Serwisu IV. Warunki \u015bwiadczenia us\u0142ugi Newsletter V. Warunki komunikacji i \u015bwiadczenia pozosta\u0142ych us\u0142ug w Serwisie VI. Gromadzenie danych o Us\u0142ugobiorcach W &#8230;<\/p>\n","protected":false},"author":1,"featured_media":0,"parent":0,"menu_order":0,"comment_status":"closed","ping_status":"closed","template":"","meta":{"_monsterinsights_skip_tracking":false,"_monsterinsights_sitenote_active":false,"_monsterinsights_sitenote_note":"","_monsterinsights_sitenote_category":0,"footnotes":""},"_links":{"self":[{"href":"https:\/\/www.kompikownia.pl\/index.php\/wp-json\/wp\/v2\/pages\/2644"}],"collection":[{"href":"https:\/\/www.kompikownia.pl\/index.php\/wp-json\/wp\/v2\/pages"}],"about":[{"href":"https:\/\/www.kompikownia.pl\/index.php\/wp-json\/wp\/v2\/types\/page"}],"author":[{"embeddable":true,"href":"https:\/\/www.kompikownia.pl\/index.php\/wp-json\/wp\/v2\/users\/1"}],"replies":[{"embeddable":true,"href":"https:\/\/www.kompikownia.pl\/index.php\/wp-json\/wp\/v2\/comments?post=2644"}],"version-history":[{"count":6,"href":"https:\/\/www.kompikownia.pl\/index.php\/wp-json\/wp\/v2\/pages\/2644\/revisions"}],"predecessor-version":[{"id":2655,"href":"https:\/\/www.kompikownia.pl\/index.php\/wp-json\/wp\/v2\/pages\/2644\/revisions\/2655"}],"wp:attachment":[{"href":"https:\/\/www.kompikownia.pl\/index.php\/wp-json\/wp\/v2\/media?parent=2644"}],"curies":[{"name":"wp","href":"https:\/\/api.w.org\/{rel}","templated":true}]}}