{"id":1133,"date":"2019-03-05T12:40:48","date_gmt":"2019-03-05T11:40:48","guid":{"rendered":"https:\/\/www.kompikownia.pl\/?page_id=1133"},"modified":"2019-03-05T12:40:48","modified_gmt":"2019-03-05T11:40:48","slug":"linux-polecenia-sciaga","status":"publish","type":"page","link":"https:\/\/www.kompikownia.pl\/index.php\/linux-polecenia-sciaga\/","title":{"rendered":"Linux &#8211; polecenia (\u015bci\u0105ga)"},"content":{"rendered":"<span class=\"rt-reading-time\" style=\"display: block;\"><span class=\"rt-label rt-prefix\">Czas czytania:<\/span> <span class=\"rt-time\">&lt; 1<\/span> <span class=\"rt-label rt-postfix\">minut\u0119<\/span><\/span>\n<p>Poni\u017cej znajduje si\u0119 \u015bci\u0105ga zawieraj\u0105ca r\u00f3\u017cne przydatne polecenia. Strona b\u0119dzie rozbudowywana wraz z powstawaniem kolejnych wpis\u00f3w. Mo\u017cesz przyczepi\u0107 t\u0119 stron\u0119 do swojego panelu zak\u0142adek. Dzi\u0119ki temu zawsze b\u0119dziesz mia\u0142 do niej szybki i \u0142atwy dost\u0119p. Z tak\u0105 pomoc\u0105 nie masz si\u0119 czego obawia\u0107 &#8211; nie zginiesz w \u015bwiecie Linuksa \ud83d\ude42 <\/p>\n\n\n\n<h2 class=\"wp-block-heading\">Archiwizacja plik\u00f3w <a href=\"https:\/\/www.kompikownia.pl\/index.php\/2019\/03\/04\/kompresja-archiwizacja-plikow-w-linuksie-podstawy\/\">(wyja\u015bnienie)<\/a><\/h2>\n\n\n\n<h3 class=\"wp-block-heading\">Podstawowe prze\u0142\u0105czniki polecenia tar<\/h3>\n\n\n\n<pre class=\"wp-block-preformatted\"><strong>-c -<\/strong> tworzy nowe archiwum<br><strong>-x - <\/strong>rozpakowuje archiwum<br><strong>-t - <\/strong>wypisuje zawarto\u015b\u0107 archiwum<br><strong>-v -<\/strong> dostarcza informacji diagnostycznych (listuje aktualnie przetwarzane pliki)<br><strong>-r -<\/strong> dodaje plik do archiwum<br><strong>-j - <\/strong>u\u017cywa algorytmu bzip2 (plik o rozszerzeniu tar.bz2)<br><strong>-J - <\/strong>u\u017cywa algorytmu xz (plik o rozzszerzeniu xz)<br><strong>-z -<\/strong> u\u017cywa algorytmu gzip (plik o rozszerzeniu gzip)<br><\/pre>\n\n\n\n<h3 class=\"wp-block-heading\">Przyk\u0142ad u\u017cycia<\/h3>\n\n\n\n<h4 class=\"wp-block-heading\">Tworzenie archiwum bzip2 (tar.bz2)<br><\/h4>\n\n\n<div class=\"codecolorer-container bash default\" style=\"overflow:auto;white-space:nowrap;width:90%;\"><div class=\"bash codecolorer\"><span class=\"kw2\">tar<\/span> <span class=\"re5\">-cjf<\/span> <span class=\"br0\">&#91;<\/span>nazwa_archiwum<span class=\"br0\">&#93;<\/span>.tar.bz2 <span class=\"br0\">&#91;<\/span>plik1<span class=\"br0\">&#93;<\/span> <span class=\"br0\">&#91;<\/span>plik2<span class=\"br0\">&#93;<\/span> ... <span class=\"br0\">&#91;<\/span>plikN<span class=\"br0\">&#93;<\/span><br \/>\n<br \/>\n<span class=\"kw2\">tar<\/span> <span class=\"re5\">-cjf<\/span> archiwum.tar.bz2 zdjecie1.jpg zdjecie2.jpg main.cpp<\/div><\/div>\n\n\n\n<h4 class=\"wp-block-heading\">Rozpakowywanie archiwum bzip2 (tar.bz2)<\/h4>\n\n\n<div class=\"codecolorer-container bash default\" style=\"overflow:auto;white-space:nowrap;width:90%;\"><div class=\"bash codecolorer\"><span class=\"kw2\">tar<\/span> <span class=\"re5\">-xjf<\/span> <span class=\"br0\">&#91;<\/span>nazwa_archiwum<span class=\"br0\">&#93;<\/span>.tar.bz2<br \/>\n<br \/>\n<span class=\"kw2\">tar<\/span> <span class=\"re5\">-xjf<\/span> archiwum.tar.bz2<\/div><\/div>\n","protected":false},"excerpt":{"rendered":"<p><span class=\"rt-reading-time\" style=\"display: block;\"><span class=\"rt-label rt-prefix\">Czas czytania:<\/span> <span class=\"rt-time\">&lt; 1<\/span> <span class=\"rt-label rt-postfix\">minut\u0119<\/span><\/span> Poni\u017cej znajduje si\u0119 \u015bci\u0105ga zawieraj\u0105ca r\u00f3\u017cne przydatne polecenia. Strona b\u0119dzie rozbudowywana wraz z powstawaniem kolejnych wpis\u00f3w. Mo\u017cesz przyczepi\u0107 t\u0119 stron\u0119 do swojego panelu zak\u0142adek. Dzi\u0119ki temu zawsze b\u0119dziesz mia\u0142 do &#8230;<\/p>\n","protected":false},"author":1,"featured_media":0,"parent":0,"menu_order":0,"comment_status":"closed","ping_status":"closed","template":"","meta":{"_monsterinsights_skip_tracking":false,"_monsterinsights_sitenote_active":false,"_monsterinsights_sitenote_note":"","_monsterinsights_sitenote_category":0,"footnotes":""},"_links":{"self":[{"href":"https:\/\/www.kompikownia.pl\/index.php\/wp-json\/wp\/v2\/pages\/1133"}],"collection":[{"href":"https:\/\/www.kompikownia.pl\/index.php\/wp-json\/wp\/v2\/pages"}],"about":[{"href":"https:\/\/www.kompikownia.pl\/index.php\/wp-json\/wp\/v2\/types\/page"}],"author":[{"embeddable":true,"href":"https:\/\/www.kompikownia.pl\/index.php\/wp-json\/wp\/v2\/users\/1"}],"replies":[{"embeddable":true,"href":"https:\/\/www.kompikownia.pl\/index.php\/wp-json\/wp\/v2\/comments?post=1133"}],"version-history":[{"count":3,"href":"https:\/\/www.kompikownia.pl\/index.php\/wp-json\/wp\/v2\/pages\/1133\/revisions"}],"predecessor-version":[{"id":1137,"href":"https:\/\/www.kompikownia.pl\/index.php\/wp-json\/wp\/v2\/pages\/1133\/revisions\/1137"}],"wp:attachment":[{"href":"https:\/\/www.kompikownia.pl\/index.php\/wp-json\/wp\/v2\/media?parent=1133"}],"curies":[{"name":"wp","href":"https:\/\/api.w.org\/{rel}","templated":true}]}}